{"id":2,"date":"2018-12-30T16:53:42","date_gmt":"2018-12-30T16:53:42","guid":{"rendered":"https:\/\/apartkreidl.at\/?page_id=2"},"modified":"2025-12-22T13:04:42","modified_gmt":"2025-12-22T12:04:42","slug":"sample-page","status":"publish","type":"page","link":"https:\/\/apartkreidl.at\/de\/","title":{"rendered":"Startseite"},"content":{"rendered":"\n<h1>\n\t\t\tApartments im Zillertal nahe Mayrhofen\t<\/h1>\n\t<p><strong data-start=\"371\" data-end=\"387\">Apart Kreidl<\/strong> bietet zwei moderne und sehr gut ausgestattete <strong data-start=\"435\" data-end=\"462\">Apartments im Zillertal<\/strong>, nur rund <strong data-start=\"473\" data-end=\"502\">2 Kilometer von Mayrhofen<\/strong> entfernt und in unmittelbarer N\u00e4he der <strong data-start=\"542\" data-end=\"557\">Horbergbahn<\/strong>. Unsere Ferienwohnungen <a href=\"https:\/\/apartkreidl.at\/de\/ahorn\/\"><strong>Apartment Ahorn<\/strong><\/a> (f\u00fcr bis zu 3 Personen) und <a href=\"https:\/\/apartkreidl.at\/de\/horberg\/\"><strong>Apartment<\/strong> <strong>Horberg<\/strong><\/a> (f\u00fcr bis zu 5 Personen) eignen sich ideal f\u00fcr Paare, Familien und kleinere Gruppen, die eine ruhige Lage mit guter Anbindung an das Ski- und Wandergebiet suchen.<\/p>\n<h2>\n\t\t\tRuhige Lage nahe Horbergbahn und Mayrhofen\t<\/h2>\n\t<p>Unser Haus liegt ruhig im Zillertal, <strong data-start=\"1839\" data-end=\"1863\">nahe der Horbergbahn<\/strong>, einem wichtigen Einstiegspunkt in das Skigebiet Mayrhofen. Im Sommer starten zahlreiche Wander- und Radwege direkt in der Umgebung. Das Zentrum von <strong data-start=\"2013\" data-end=\"2026\">Mayrhofen<\/strong> mit Einkaufsm\u00f6glichkeiten, Gastronomie und Freizeitangeboten ist in wenigen Minuten erreichbar.<\/p>\n<h2>\n\t\t\tDirekt buchen und sparen\t<\/h2>\n\tBei einer <a href=\"http:\/\/apartkreidl.at\/buchen\"><strong data-start=\"2172\" data-end=\"2209\">Direktbuchung \u00fcber apartkreidl.at<\/strong><\/a> profitieren Sie von <strong>deutlich g\u00fcnstigeren Preisen<\/strong> als bei Buchungen \u00fcber Online-Plattformen. Da keine zus\u00e4tzlichen Provisionen anfallen, k\u00f6nnen wir faire und transparente Konditionen anbieten.\n\n","protected":false},"excerpt":{"rendered":"<p>Apartments im Zillertal nahe Mayrhofen Apart Kreidl bietet zwei moderne und sehr gut ausgestattete Apartments im Zillertal, nur rund 2 Kilometer von Mayrhofen entfernt und in unmittelbarer N\u00e4he der Horbergbahn. Unsere Ferienwohnungen Apartment Ahorn (f\u00fcr bis zu 3 Personen) und Apartment Horberg (f\u00fcr bis zu 5 Personen) eignen sich ideal f\u00fcr Paare, Familien und kleinere&hellip;<\/p>\n","protected":false},"author":1,"featured_media":0,"parent":0,"menu_order":0,"comment_status":"closed","ping_status":"open","template":"","meta":{"footnotes":""},"class_list":["post-2","page","type-page","status-publish","hentry"],"_links":{"self":[{"href":"https:\/\/apartkreidl.at\/de\/wp-json\/wp\/v2\/pages\/2","targetHints":{"allow":["GET"]}}],"collection":[{"href":"https:\/\/apartkreidl.at\/de\/wp-json\/wp\/v2\/pages"}],"about":[{"href":"https:\/\/apartkreidl.at\/de\/wp-json\/wp\/v2\/types\/page"}],"author":[{"embeddable":true,"href":"https:\/\/apartkreidl.at\/de\/wp-json\/wp\/v2\/users\/1"}],"replies":[{"embeddable":true,"href":"https:\/\/apartkreidl.at\/de\/wp-json\/wp\/v2\/comments?post=2"}],"version-history":[{"count":11,"href":"https:\/\/apartkreidl.at\/de\/wp-json\/wp\/v2\/pages\/2\/revisions"}],"predecessor-version":[{"id":1660,"href":"https:\/\/apartkreidl.at\/de\/wp-json\/wp\/v2\/pages\/2\/revisions\/1660"}],"wp:attachment":[{"href":"https:\/\/apartkreidl.at\/de\/wp-json\/wp\/v2\/media?parent=2"}],"curies":[{"name":"wp","href":"https:\/\/api.w.org\/{rel}","templated":true}]}}