{"id":628,"date":"2021-07-22T13:46:49","date_gmt":"2021-07-22T12:46:49","guid":{"rendered":"https:\/\/apartkreidl.at\/?page_id=628"},"modified":"2024-03-02T23:56:33","modified_gmt":"2024-03-02T22:56:33","slug":"restaurants","status":"publish","type":"page","link":"https:\/\/apartkreidl.at\/de\/restaurants\/","title":{"rendered":"Restaurants"},"content":{"rendered":"\n<h2>\n\t\tRestaurantempfehlungen\n\t<\/h2>\n\t\t\t\t<img loading=\"lazy\" decoding=\"async\" src=\"https:\/\/apartkreidl.at\/wp-content\/uploads\/2021\/07\/Sidan-1.jpg\" alt=\"Sidan\" itemprop=\"image\" height=\"1536\" width=\"2048\" title=\"Sidan\" onerror=\"this.style.display='none'\"  \/>\n\t<h3><a href=\"https:\/\/www.google.com\/maps\/dir\/Apart+Kreidl,+Neu-Burgstall+328,+6290+Schwendau\/pizzeria+sidan\/@47.187755,11.8575194,17z\/data=!3m1!4b1!4m13!4m12!1m5!1m1!1s0x4777dd206d6a95ed:0xf4b14a4d68fc54a5!2m2!1d11.8585664!2d47.1868668!1m5!1m1!1s0x4777dcdfac1313e9:0xa794982edd5f584b!2m2!1d11.8605991!2d47.1895795\">Pizzeria Sidan<\/a><\/h3>\n<p><a href=\"https:\/\/www.google.com\/maps\/dir\/Apart+Kreidl,+Neu-Burgstall+328,+6290+Schwendau\/pizzeria+sidan\/@47.187755,11.8575194,17z\/data=!3m1!4b1!4m13!4m12!1m5!1m1!1s0x4777dd206d6a95ed:0xf4b14a4d68fc54a5!2m2!1d11.8585664!2d47.1868668!1m5!1m1!1s0x4777dcdfac1313e9:0xa794982edd5f584b!2m2!1d11.8605991!2d47.1895795\">M\u00fchlbach 281, 6283 Schwendau<\/a><\/p>\n<p>Italienische | Lokale K\u00fcche<\/p>\n\t\t\t\t<img loading=\"lazy\" decoding=\"async\" src=\"https:\/\/apartkreidl.at\/wp-content\/uploads\/2021\/08\/Metzgerwirt.jpg\" alt=\"Metzgerwirt\" itemprop=\"image\" height=\"1667\" width=\"2500\" title=\"Metzgerwirt\" onerror=\"this.style.display='none'\"  \/>\n\t<h3><a href=\"https:\/\/www.metzgerwirt-zillertal.at\/\">Metzgerwirt Laimach<\/a><\/h3>\n<p><a href=\"https:\/\/www.google.com\/maps\/dir\/Apart+Kreidl,+Neu-Burgstall+328,+6290+Schwendau\/Restaurant+Metzgerwirt,+Laimach+190,+6283+Laimach\/@47.2039758,11.8477767,14z\/data=!3m1!4b1!4m14!4m13!1m5!1m1!1s0x4777dd206d6a95ed:0xf4b14a4d68fc54a5!2m2!1d11.8585664!2d47.1868668!1m5!1m1!1s0x4777dc9f40aa9cd3:0x12c20c47f55a9c7b!2m2!1d11.8699389!2d47.2218806!3e0\">Laimach 190, 6283 Laimach<\/a><\/p>\n<p>Lokale K\u00fcche<\/p>\n\t\t\t\t<img loading=\"lazy\" decoding=\"async\" src=\"https:\/\/apartkreidl.at\/wp-content\/uploads\/2021\/07\/Hubertus.jpg\" alt=\"Hubertus\" itemprop=\"image\" height=\"942\" width=\"1417\" title=\"Hubertus\" onerror=\"this.style.display='none'\"  \/>\n\t<h3><a href=\"http:\/\/hubertushof-hippach.at\/\">Gashof Hubertus<\/a><\/h3>\n<p><a href=\"https:\/\/www.google.com\/maps\/dir\/Apart+Kreidl,+Neu-Burgstall+328,+6290+Schwendau\/Gasthof-Pension+Hubertus,+Laimach,+Hippach\/@47.2009193,11.8477767,14z\/data=!3m1!4b1!4m14!4m13!1m5!1m1!1s0x4777dd206d6a95ed:0xf4b14a4d68fc54a5!2m2!1d11.8585664!2d47.1868668!1m5!1m1!1s0x4777dc977f25ee01:0x1cdf0a9e22c5f21d!2m2!1d11.8653733!2d47.2158329!3e0\">Laimach 109, 6283 Hippach<\/a><\/p>\n<p>Lokale K\u00fcche<\/p>\n\t\t\t\t<img loading=\"lazy\" decoding=\"async\" src=\"https:\/\/apartkreidl.at\/wp-content\/uploads\/2021\/07\/Cafe-Tirol.jpg\" alt=\"Cafe Tirol\" itemprop=\"image\" height=\"274\" width=\"526\" title=\"Cafe Tirol\" onerror=\"this.style.display='none'\"  \/>\n\t<h3><a href=\"https:\/\/www.cafetirol.at\/\">Cafe Tirol<\/a><\/h3>\n<p><a href=\"https:\/\/www.google.com\/maps\/dir\/Apart+Kreidl,+Neu-Burgstall+328,+6290+Schwendau\/Caf%C3%A9+Tirol+%C2%B7+Restaurant+Mayrhofen,+Hauptstra%C3%9Fe,+Mayrhofen\/@47.1780556,11.8456489,14z\/data=!3m1!4b1!4m14!4m13!1m5!1m1!1s0x4777dd206d6a95ed:0xf4b14a4d68fc54a5!2m2!1d11.8585664!2d47.1868668!1m5!1m1!1s0x4777dd486878201b:0xf7fd41e3c57e1401!2m2!1d11.8622011!2d47.1655604!3e0\">Hauptstra\u00dfe 448, 6290 Mayrhofen<\/a><\/p>\n<p>Crossover K\u00fcche<\/p>\n<p>&nbsp;<\/p>\n\t\t\t\t<img loading=\"lazy\" decoding=\"async\" src=\"https:\/\/apartkreidl.at\/wp-content\/uploads\/2022\/02\/Waldcafe.jpg\" alt=\"Waldcafe\" itemprop=\"image\" height=\"500\" width=\"800\" title=\"Waldcafe\" onerror=\"this.style.display='none'\"  \/>\n\t<h3><a href=\"https:\/\/www.waldcafe-mayrhofen.at\/de\/restaurant-mayrhofen-cafe\">Waldcafe<\/a><\/h3>\n<p><a href=\"https:\/\/www.google.com\/maps\/dir\/47.186985,11.858578\/waldcafe+mayrhofen\/@47.1766696,11.8456547,14z\/data=!3m1!4b1!4m9!4m8!1m1!4e1!1m5!1m1!1s0x4777dd4913262e31:0xca6f3ba266f36c5d!2m2!1d11.864987!2d47.1639209\">Peter-Habeler-Stra\u00dfe 556, 6290 Mayrhofen<\/a><\/p>\n<p>Lokale K\u00fcche<\/p>\n<p>&nbsp;<\/p>\n\t\t\t\t<img loading=\"lazy\" decoding=\"async\" src=\"https:\/\/apartkreidl.at\/wp-content\/uploads\/2021\/07\/sieghard.jpg\" alt=\"sieghard\" itemprop=\"image\" height=\"1135\" width=\"1700\" title=\"sieghard\" onerror=\"this.style.display='none'\"  \/>\n\t<h3><a href=\"https:\/\/www.sieghard.at\/restaurant\/\">Restaurant Sieghard<\/a><\/h3>\n<p><a href=\"https:\/\/www.google.com\/maps\/dir\/Apart+Kreidl,+Neu-Burgstall+328,+6290+Schwendau\/Hotel+%2B+Restaurant+Sieghard+im+Zillertal,+Johann-Sponring-Stra%C3%9Fe,+Schwendau\/@47.1948941,11.8535999,15z\/data=!3m1!4b1!4m14!4m13!1m5!1m1!1s0x4777dd206d6a95ed:0xf4b14a4d68fc54a5!2m2!1d11.8585664!2d47.1868668!1m5!1m1!1s0x4777dcc1e955b5a1:0xe3fef3d35370c061!2m2!1d11.8647071!2d47.2028242!3e0\">Johann-Sponring-Stra\u00dfe 83, 6283 Schwendau<\/a><\/p>\n<p>Gehobene K\u00fcche<\/p>\n\t\t\t\t<img loading=\"lazy\" decoding=\"async\" src=\"https:\/\/apartkreidl.at\/wp-content\/uploads\/2021\/07\/Hubers.jpg\" alt=\"Huber&#039;s\" itemprop=\"image\" height=\"1070\" width=\"1905\" title=\"Huber&#039;s\" onerror=\"this.style.display='none'\"  \/>\n\t<h3><a href=\"https:\/\/www.hbhotel.at\/de\/gourmet-restaurant\">Huber&#8217;s A la Carte<\/a><\/h3>\n<p><a href=\"https:\/\/www.google.com\/maps\/dir\/HUBER'S+Boutiquehotel,+Dornaustra%C3%9Fe,+Mayrhofen\/Hotel+%2B+Restaurant+Sieghard+im+Zillertal,+Johann-Sponring-Stra%C3%9Fe,+Schwendau\/@47.1845599,11.8488632,14z\/data=!3m1!4b1!4m14!4m13!1m5!1m1!1s0x4777dd4636350d19:0xfffbaa407c189fb3!2m2!1d11.859269!2d47.1647007!1m5!1m1!1s0x4777dcc1e955b5a1:0xe3fef3d35370c061!2m2!1d11.8647071!2d47.2028242!3e0\">Dornaustra\u00dfe 612, 6290 Mayrhofen<\/a><\/p>\n<p>Gehobene K\u00fcche<\/p>\n\t\t\t\t<img loading=\"lazy\" decoding=\"async\" src=\"https:\/\/apartkreidl.at\/wp-content\/uploads\/2021\/07\/Mr.Lei_.jpg\" alt=\"Mr.Lei\" itemprop=\"image\" height=\"426\" width=\"640\" title=\"Mr.Lei\" onerror=\"this.style.display='none'\"  \/>\n\t<h3><a href=\"https:\/\/www.mrlei.at\/menu\">Mr. Lei<\/a><\/h3>\n<p><a href=\"https:\/\/www.google.com\/maps\/dir\/Apart+Kreidl,+Neu-Burgstall+328,+6290+Schwendau\/Mayrhofen,+Hauptstra%C3%9Fe,+Sushi+Restaurant+Mr.+Lei\/@47.1787416,11.8544037,15z\/data=!3m1!4b1!4m14!4m13!1m5!1m1!1s0x4777dd206d6a95ed:0xf4b14a4d68fc54a5!2m2!1d11.8585664!2d47.1868668!1m5!1m1!1s0x4777ddf38b0b8b9b:0x24a0ba8c9754c7de!2m2!1d11.8627415!2d47.1672483!3e0\">Hauptstra\u00dfe 418, 6290 Mayrhofen<\/a><\/p>\n<p>Japanisch | Chinesisch<\/p>\n<h2>\n\t\tLieferservice:\n\t<\/h2>\n\t\t\t\t<img loading=\"lazy\" decoding=\"async\" src=\"https:\/\/apartkreidl.at\/wp-content\/uploads\/2021\/07\/Pizzaexpress.png\" alt=\"Pizzaexpress\" itemprop=\"image\" height=\"260\" width=\"240\" title=\"Pizzaexpress\" onerror=\"this.style.display='none'\"  \/>\n\t<h3><a href=\"https:\/\/www.pizza-zillertal.at\/\">PIZZA-EXPRESS-ZILLERTAL<\/a><\/h3>\n\n","protected":false},"excerpt":{"rendered":"<p>Restaurantempfehlungen Pizzeria Sidan M\u00fchlbach 281, 6283 Schwendau Italienische | Lokale K\u00fcche Metzgerwirt Laimach Laimach 190, 6283 Laimach Lokale K\u00fcche Gashof Hubertus Laimach 109, 6283 Hippach Lokale K\u00fcche Cafe Tirol Hauptstra\u00dfe 448, 6290 Mayrhofen Crossover K\u00fcche &nbsp; Waldcafe Peter-Habeler-Stra\u00dfe 556, 6290 Mayrhofen Lokale K\u00fcche &nbsp; Restaurant Sieghard Johann-Sponring-Stra\u00dfe 83, 6283 Schwendau Gehobene K\u00fcche Huber&#8217;s A la&hellip;<\/p>\n","protected":false},"author":2,"featured_media":0,"parent":0,"menu_order":0,"comment_status":"closed","ping_status":"closed","template":"tpl-no-header-footer.php","meta":{"footnotes":""},"class_list":["post-628","page","type-page","status-publish","hentry"],"_links":{"self":[{"href":"https:\/\/apartkreidl.at\/de\/wp-json\/wp\/v2\/pages\/628","targetHints":{"allow":["GET"]}}],"collection":[{"href":"https:\/\/apartkreidl.at\/de\/wp-json\/wp\/v2\/pages"}],"about":[{"href":"https:\/\/apartkreidl.at\/de\/wp-json\/wp\/v2\/types\/page"}],"author":[{"embeddable":true,"href":"https:\/\/apartkreidl.at\/de\/wp-json\/wp\/v2\/users\/2"}],"replies":[{"embeddable":true,"href":"https:\/\/apartkreidl.at\/de\/wp-json\/wp\/v2\/comments?post=628"}],"version-history":[{"count":17,"href":"https:\/\/apartkreidl.at\/de\/wp-json\/wp\/v2\/pages\/628\/revisions"}],"predecessor-version":[{"id":1473,"href":"https:\/\/apartkreidl.at\/de\/wp-json\/wp\/v2\/pages\/628\/revisions\/1473"}],"wp:attachment":[{"href":"https:\/\/apartkreidl.at\/de\/wp-json\/wp\/v2\/media?parent=628"}],"curies":[{"name":"wp","href":"https:\/\/api.w.org\/{rel}","templated":true}]}}